{"id":2733,"date":"2025-02-26T10:51:26","date_gmt":"2025-02-26T10:51:26","guid":{"rendered":"https:\/\/yoomeyoo.org\/?page_id=2733"},"modified":"2025-12-15T13:44:37","modified_gmt":"2025-12-15T13:44:37","slug":"careers","status":"publish","type":"page","link":"https:\/\/yoomeyoo.org\/fr\/careers\/","title":{"rendered":"Carri\u00e8res"},"content":{"rendered":"<div data-elementor-type=\"wp-page\" data-elementor-id=\"2733\" class=\"elementor elementor-2733\" data-elementor-post-type=\"page\">\n\t\t\t\t<div class=\"elementor-element elementor-element-1eb01e1 e-con-full e-flex e-con e-parent\" data-id=\"1eb01e1\" data-element_type=\"container\" data-settings=\"{&quot;background_background&quot;:&quot;classic&quot;,&quot;ekit_has_onepagescroll_dot&quot;:&quot;yes&quot;}\">\n\t\t<div class=\"elementor-element elementor-element-38fc142 e-flex e-con-boxed e-con e-child\" data-id=\"38fc142\" data-element_type=\"container\" data-settings=\"{&quot;ekit_has_onepagescroll_dot&quot;:&quot;yes&quot;}\">\n\t\t\t\t\t<div class=\"e-con-inner\">\n\t\t\t\t<div class=\"elementor-element elementor-element-fd358ae elementor-widget__width-initial elementor-widget-tablet__width-inherit elementor-widget elementor-widget-text-editor\" data-id=\"fd358ae\" data-element_type=\"widget\" data-settings=\"{&quot;ekit_we_effect_on&quot;:&quot;none&quot;}\" data-widget_type=\"text-editor.default\">\n\t\t\t\t<div class=\"elementor-widget-container\">\n\t\t\t\t\t\t\t\t\t<p><strong>Surprenez-nous. Ou ne postulez pas.<\/strong><br \/>Chez LoopXCell, nous ne recrutons pas des profils.<br \/>Nous entrons en contact avec des personnes qui pensent autrement.<br \/>Vous pouvez envoyer un CV.<br \/>Mais un CV seul ne su\u01afira jamais.<\/p>\t\t\t\t\t\t\t\t<\/div>\n\t\t\t\t<\/div>\n\t\t<div class=\"elementor-element elementor-element-4fad740 e-con-full e-flex e-con e-child\" data-id=\"4fad740\" data-element_type=\"container\" data-settings=\"{&quot;ekit_has_onepagescroll_dot&quot;:&quot;yes&quot;}\">\n\t\t\t\t<div class=\"elementor-element elementor-element-2ddd6b1 elementor-widget elementor-widget-heading\" data-id=\"2ddd6b1\" data-element_type=\"widget\" data-settings=\"{&quot;ekit_we_effect_on&quot;:&quot;none&quot;}\" data-widget_type=\"heading.default\">\n\t\t\t\t<div class=\"elementor-widget-container\">\n\t\t\t\t\t<h2 class=\"elementor-heading-title elementor-size-default\">Ce qui nous int\u00e9resse vraiment<\/h2>\t\t\t\t<\/div>\n\t\t\t\t<\/div>\n\t\t\t\t<div class=\"elementor-element elementor-element-d25f636 elementor-widget__width-initial elementor-widget-tablet__width-inherit elementor-widget elementor-widget-text-editor\" data-id=\"d25f636\" data-element_type=\"widget\" data-settings=\"{&quot;ekit_we_effect_on&quot;:&quot;none&quot;}\" data-widget_type=\"text-editor.default\">\n\t\t\t\t<div class=\"elementor-widget-container\">\n\t\t\t\t\t\t\t\t\t<p>Nous nous int\u00e9ressons \u00e0 votre mani\u00e8re de penser, pas \u00e0 votre mise en page.<br \/>\u00c0 votre curiosit\u00e9, pas \u00e0 votre zone de confort.<br \/>Aux id\u00e9es, pas aux titres.<br \/>Si vous postulez comme tout le monde,\nvous ressemblerez \u00e0 tout le monde.<\/p>\t\t\t\t\t\t\t\t<\/div>\n\t\t\t\t<\/div>\n\t\t\t\t<\/div>\n\t\t<div class=\"elementor-element elementor-element-93339ec e-con-full e-flex e-con e-child\" data-id=\"93339ec\" data-element_type=\"container\" data-settings=\"{&quot;ekit_has_onepagescroll_dot&quot;:&quot;yes&quot;}\">\n\t\t\t\t<div class=\"elementor-element elementor-element-14de9b0 elementor-widget elementor-widget-heading\" data-id=\"14de9b0\" data-element_type=\"widget\" data-settings=\"{&quot;ekit_we_effect_on&quot;:&quot;none&quot;}\" data-widget_type=\"heading.default\">\n\t\t\t\t<div class=\"elementor-widget-container\">\n\t\t\t\t\t<h2 class=\"elementor-heading-title elementor-size-default\">Votre candidature doit contenir\u2026 quelque chose d\u2019original<\/h2>\t\t\t\t<\/div>\n\t\t\t\t<\/div>\n\t\t\t\t<div class=\"elementor-element elementor-element-5f7a0db elementor-widget__width-initial elementor-widget-tablet__width-inherit elementor-widget elementor-widget-text-editor\" data-id=\"5f7a0db\" data-element_type=\"widget\" data-settings=\"{&quot;ekit_we_effect_on&quot;:&quot;none&quot;}\" data-widget_type=\"text-editor.default\">\n\t\t\t\t<div class=\"elementor-widget-container\">\n\t\t\t\t\t\t\t\t\t<p>Oui, le CV est accept\u00e9.<br \/>Mais vous devez aussi ajouter un \u00e9l\u00e9ment original.<br \/>Quelque chose qui montre comment fonctionne votre esprit.<br \/>Exemples (non limitatifs) :<\/p><ul><li>Une courte vid\u00e9o pr\u00e9sentant une id\u00e9e \u00e0 explorer chez LoopXCell<\/li><li>Un sch\u00e9ma, un croquis, un concept de syst\u00e8me<\/li><li>Un prototype, un d\u00e9p\u00f4t Git, une note technique<\/li><li>Un message vocal, une simulation, une exp\u00e9rience de pens\u00e9e<\/li><li>Un document intitul\u00e9 \u00ab Ce que je changerais si LoopXCell \u00e9tait \u00e0 moi \u00bb<\/li><li>Un probl\u00e8me que vous pensez que nous ignorons \u2014 et pourquoi<\/li><\/ul><p>Aucune r\u00e8gle de forme<br \/>Aucun langage RH.<br \/>La cr\u00e9ativit\u00e9 fait partie du test.<\/p>\t\t\t\t\t\t\t\t<\/div>\n\t\t\t\t<\/div>\n\t\t\t\t<\/div>\n\t\t<div class=\"elementor-element elementor-element-57c2acf e-con-full e-flex e-con e-child\" data-id=\"57c2acf\" data-element_type=\"container\" data-settings=\"{&quot;ekit_has_onepagescroll_dot&quot;:&quot;yes&quot;}\">\n\t\t\t\t<div class=\"elementor-element elementor-element-dbad5dd elementor-widget elementor-widget-heading\" data-id=\"dbad5dd\" data-element_type=\"widget\" data-settings=\"{&quot;ekit_we_effect_on&quot;:&quot;none&quot;}\" data-widget_type=\"heading.default\">\n\t\t\t\t<div class=\"elementor-widget-container\">\n\t\t\t\t\t<h2 class=\"elementor-heading-title elementor-size-default\">Pourquoi cette m\u00e9thode<\/h2>\t\t\t\t<\/div>\n\t\t\t\t<\/div>\n\t\t\t\t<div class=\"elementor-element elementor-element-8c25c00 elementor-widget__width-initial elementor-widget-tablet__width-inherit elementor-widget elementor-widget-text-editor\" data-id=\"8c25c00\" data-element_type=\"widget\" data-settings=\"{&quot;ekit_we_effect_on&quot;:&quot;none&quot;}\" data-widget_type=\"text-editor.default\">\n\t\t\t\t<div class=\"elementor-widget-container\">\n\t\t\t\t\t\t\t\t\t<p>LoopXCell d\u00e9veloppe des syst\u00e8mes hors standards :\nbatteries \u00e0 immersion, capacit\u00e9 d\u00e9verrouillable, logiciel souverain, boucles\n\u00e9nerg\u00e9tiques.<br \/>Nous n\u2019attendons donc pas des candidatures standards.<\/p>\t\t\t\t\t\t\t\t<\/div>\n\t\t\t\t<\/div>\n\t\t\t\t<\/div>\n\t\t<div class=\"elementor-element elementor-element-97413c0 e-con-full e-flex e-con e-child\" data-id=\"97413c0\" data-element_type=\"container\" data-settings=\"{&quot;ekit_has_onepagescroll_dot&quot;:&quot;yes&quot;}\">\n\t\t\t\t<div class=\"elementor-element elementor-element-a1843a3 elementor-widget elementor-widget-heading\" data-id=\"a1843a3\" data-element_type=\"widget\" data-settings=\"{&quot;ekit_we_effect_on&quot;:&quot;none&quot;}\" data-widget_type=\"heading.default\">\n\t\t\t\t<div class=\"elementor-widget-container\">\n\t\t\t\t\t<h2 class=\"elementor-heading-title elementor-size-default\">Comment nous contacter<\/h2>\t\t\t\t<\/div>\n\t\t\t\t<\/div>\n\t\t\t\t<div class=\"elementor-element elementor-element-8a077d7 elementor-widget__width-initial elementor-widget-tablet__width-inherit elementor-widget elementor-widget-text-editor\" data-id=\"8a077d7\" data-element_type=\"widget\" data-settings=\"{&quot;ekit_we_effect_on&quot;:&quot;none&quot;}\" data-widget_type=\"text-editor.default\">\n\t\t\t\t<div class=\"elementor-widget-container\">\n\t\t\t\t\t\t\t\t\t<p>Choisissez votre canal avec soin.<br \/>Votre mani\u00e8re de nous contacter fait partie de votre candidature.<br \/><strong>[canal de contact unique et d\u00e9di\u00e9]<\/strong><br \/>Si ce que vous envoyez \u00e9veille notre curiosit\u00e9, nous r\u00e9pondrons.\n\u2019<br \/>Sinon, c\u2019est d\u00e9j\u00e0 une r\u00e9ponse.<\/p>\t\t\t\t\t\t\t\t<\/div>\n\t\t\t\t<\/div>\n\t\t\t\t<\/div>\n\t\t<div class=\"elementor-element elementor-element-af44231 e-con-full e-flex e-con e-child\" data-id=\"af44231\" data-element_type=\"container\" data-settings=\"{&quot;ekit_has_onepagescroll_dot&quot;:&quot;yes&quot;}\">\n\t\t\t\t<div class=\"elementor-element elementor-element-ecee2a1 elementor-widget elementor-widget-heading\" data-id=\"ecee2a1\" data-element_type=\"widget\" data-settings=\"{&quot;ekit_we_effect_on&quot;:&quot;none&quot;}\" data-widget_type=\"heading.default\">\n\t\t\t\t<div class=\"elementor-widget-container\">\n\t\t\t\t\t<h2 class=\"elementor-heading-title elementor-size-default\">Note finale<\/h2>\t\t\t\t<\/div>\n\t\t\t\t<\/div>\n\t\t\t\t<div class=\"elementor-element elementor-element-c51aef0 elementor-widget__width-initial elementor-widget-tablet__width-inherit elementor-widget elementor-widget-text-editor\" data-id=\"c51aef0\" data-element_type=\"widget\" data-settings=\"{&quot;ekit_we_effect_on&quot;:&quot;none&quot;}\" data-widget_type=\"text-editor.default\">\n\t\t\t\t<div class=\"elementor-widget-container\">\n\t\t\t\t\t\t\t\t\t<p>LoopXCell est con\u00e7u et d\u00e9velopp\u00e9 en Belgique par Amoovo LAB<br \/>Nous travaillons sur le long terme, pas sur l\u2019effet de mode.<br \/>Nous ne promettons pas une carri\u00e8re.<br \/>Nous offrons un endroit pour construire.<\/p>\t\t\t\t\t\t\t\t<\/div>\n\t\t\t\t<\/div>\n\t\t\t\t<\/div>\n\t\t\t\t\t<\/div>\n\t\t\t\t<\/div>\n\t\t\t\t<\/div>\n\t\t\t\t<\/div>","protected":false},"excerpt":{"rendered":"<p>Surprise us. Or don\u2019t apply.At LoopXCell, we don\u2019t recruit profiles.We connect with people who think differently.You can send us a CV.But a CV alone will never be enough. What we really look for We care about how you think, not how you present yourself.About curiosity, not comfort.About ideas, not titles.If you apply like everyone else, [&hellip;]<\/p>","protected":false},"author":1,"featured_media":0,"parent":0,"menu_order":0,"comment_status":"closed","ping_status":"closed","template":"elementor_header_footer","meta":{"_acf_changed":false,"footnotes":""},"class_list":["post-2733","page","type-page","status-publish","hentry"],"acf":[],"aioseo_notices":[],"_links":{"self":[{"href":"https:\/\/yoomeyoo.org\/fr\/wp-json\/wp\/v2\/pages\/2733","targetHints":{"allow":["GET"]}}],"collection":[{"href":"https:\/\/yoomeyoo.org\/fr\/wp-json\/wp\/v2\/pages"}],"about":[{"href":"https:\/\/yoomeyoo.org\/fr\/wp-json\/wp\/v2\/types\/page"}],"author":[{"embeddable":true,"href":"https:\/\/yoomeyoo.org\/fr\/wp-json\/wp\/v2\/users\/1"}],"replies":[{"embeddable":true,"href":"https:\/\/yoomeyoo.org\/fr\/wp-json\/wp\/v2\/comments?post=2733"}],"version-history":[{"count":49,"href":"https:\/\/yoomeyoo.org\/fr\/wp-json\/wp\/v2\/pages\/2733\/revisions"}],"predecessor-version":[{"id":11039,"href":"https:\/\/yoomeyoo.org\/fr\/wp-json\/wp\/v2\/pages\/2733\/revisions\/11039"}],"wp:attachment":[{"href":"https:\/\/yoomeyoo.org\/fr\/wp-json\/wp\/v2\/media?parent=2733"}],"curies":[{"name":"wp","href":"https:\/\/api.w.org\/{rel}","templated":true}]}}